{"id":663,"date":"2018-01-05T00:18:05","date_gmt":"2018-01-05T00:18:05","guid":{"rendered":"https:\/\/zrovit.sk\/?page_id=663"},"modified":"2018-02-11T18:49:22","modified_gmt":"2018-02-11T18:49:22","slug":"videogaleria","status":"publish","type":"page","link":"https:\/\/zrovit.sk\/?page_id=663","title":{"rendered":"Videogal\u00e9ria"},"content":{"rendered":"<h3>Informa\u010dn\u00fd videospot o projekte &#8222;Modern\u00e9 vzdel\u00e1vanie bez hran\u00edc otv\u00e1ra vidiek podnikaniu&#8220;<\/h3>\n<p><iframe loading=\"lazy\" width=\"560\" height=\"315\" src=\"https:\/\/www.youtube.com\/embed\/E5Pw1oPhonE?rel=0\" frameborder=\"0\" allow=\"autoplay; encrypted-media\" allowfullscreen><\/iframe><\/p>\n","protected":false},"excerpt":{"rendered":"<p>Informa\u010dn\u00fd videospot o projekte &#8222;Modern\u00e9 vzdel\u00e1vanie bez hran\u00edc otv\u00e1ra vidiek podnikaniu&#8220;<\/p>\n","protected":false},"author":2,"featured_media":0,"parent":0,"menu_order":0,"comment_status":"closed","ping_status":"closed","template":"","meta":[],"_links":{"self":[{"href":"https:\/\/zrovit.sk\/index.php?rest_route=\/wp\/v2\/pages\/663"}],"collection":[{"href":"https:\/\/zrovit.sk\/index.php?rest_route=\/wp\/v2\/pages"}],"about":[{"href":"https:\/\/zrovit.sk\/index.php?rest_route=\/wp\/v2\/types\/page"}],"author":[{"embeddable":true,"href":"https:\/\/zrovit.sk\/index.php?rest_route=\/wp\/v2\/users\/2"}],"replies":[{"embeddable":true,"href":"https:\/\/zrovit.sk\/index.php?rest_route=%2Fwp%2Fv2%2Fcomments&post=663"}],"version-history":[{"count":13,"href":"https:\/\/zrovit.sk\/index.php?rest_route=\/wp\/v2\/pages\/663\/revisions"}],"predecessor-version":[{"id":717,"href":"https:\/\/zrovit.sk\/index.php?rest_route=\/wp\/v2\/pages\/663\/revisions\/717"}],"wp:attachment":[{"href":"https:\/\/zrovit.sk\/index.php?rest_route=%2Fwp%2Fv2%2Fmedia&parent=663"}],"curies":[{"name":"wp","href":"https:\/\/api.w.org\/{rel}","templated":true}]}}