{"id":177,"date":"2015-01-28T16:40:31","date_gmt":"2015-01-28T16:40:31","guid":{"rendered":"https:\/\/zrovit.sk\/?page_id=177"},"modified":"2015-05-06T07:50:51","modified_gmt":"2015-05-06T07:50:51","slug":"propagacia-vidieckeho-cestovneho-ruchu","status":"publish","type":"page","link":"https:\/\/zrovit.sk\/?page_id=177","title":{"rendered":"Propag\u00e1cia vidieckeho &#8230;"},"content":{"rendered":"<h2 style=\"text-align: center;\"><em><strong>Propag\u00e1cia vidieckeho cestovn\u00e9ho ruchu na \u00fazem\u00ed MAS OZ RR Spi\u0161<\/strong><\/em><\/h2>\n<p>Cie\u013eom projektu je propag\u00e1cia ubytovac\u00edch zariaden\u00ed na \u00fazem\u00ed MAS Ob\u010dianske zdru\u017eenie pre rozvoj regi\u00f3nu Spi\u0161 a\u00a0zv\u00fd\u0161i\u0165 tak n\u00e1v\u0161tevnos\u0165 tohto \u00fazemia. Hlavn\u00fdm cie\u013eom je vytvorenie syst\u00e9mu ude\u013eovania znaku zvality ubytovac\u00edch zariaden\u00ed na tomto \u00fazem\u00ed a\u00a0ich propag\u00e1cia prostredn\u00edctvom webovej str\u00e1nky.<\/p>\n<p><em><strong>\u0160pecifick\u00e9 ciele projektu:<\/strong><\/em><\/p>\n<ul>\n<li>Propag\u00e1cia \u00fazemia a zariaden\u00ed cestovn\u00e9ho ruchu,<\/li>\n<li>Zv\u00fd\u0161ene informovanosti \u0161irokej verejnosti o\u00a0slu\u017eb\u00e1ch poskytovan\u00fdch na \u00fazem\u00ed,<\/li>\n<li>Zv\u00fd\u0161enie n\u00e1v\u0161tevnosti ubytovac\u00edch zariaden\u00ed na \u00fazemi MAS Ob\u010dianske zdru\u017eenie pre rozvoj regi\u00f3nu Spi\u0161,<\/li>\n<li>Motiv\u00e1cia mana\u017ementu ubytovac\u00edch zariaden\u00ed k\u00a0zlep\u0161ovaniu pon\u00fakan\u00fdch slu\u017eieb,<\/li>\n<li>Zv\u00fd\u0161enie kvality ubytovac\u00edch zariaden\u00ed,<\/li>\n<li>Poskytnutie komplexn\u00fdch a\u00a0preh\u013eadn\u00fdch inform\u00e1ci\u00ed o\u00a0ubytovac\u00edch slu\u017eb\u00e1ch,<\/li>\n<li>Zlep\u0161enie pr\u00edstupu k\u00a0inform\u00e1ci\u00e1m,<\/li>\n<li>Zv\u00fd\u0161enie atraktivity cestovn\u00e9ho ruchu na \u00fazem\u00ed.<\/li>\n<\/ul>\n<p><strong><em>Aktivity v r\u00e1mci projektu:<\/em><\/strong><\/p>\n<ul>\n<li><a href=\"http:\/\/dovolenkanaspisi.sk\/\">Webov\u00e9 s\u00eddlo \u201eDovolenka na Spi\u0161i\u201d &#8211; Vytvorenie webov\u00e9ho s\u00eddla, ktor\u00e9 bude poskytova\u0165 komplexn\u00e9 inform\u00e1cie nie len o ubytovac\u00edch zariadeniach na \u00fazem\u00ed MAS Ob\u010dianske zdru\u017eenie pre rozvoj regi\u00f3nu Spi\u0161, ale aj o\u00a0stravovac\u00edch zariadeniach, historick\u00fdch pamiatkach, slu\u017eb\u00e1ch, kult\u00farnych podujatiach, akci\u00e1ch, aktivit\u00e1ch a\u00a0pod.<\/a><\/li>\n<li>Zabezpe\u010denie syst\u00e9mu ude\u013eovania Znaku kvality<\/li>\n<li>Katal\u00f3g slu\u017eieb vidieckeho cestovn\u00e9ho ruchu na \u00fazem\u00ed MAS Ob\u010dianske zdru\u017eenie pre rozvoj regi\u00f3nu Spi\u0161 &#8211; Propaga\u010dn\u00fd materi\u00e1l bude sl\u00fa\u017ei\u0165 na zvidite\u013enenie zariaden\u00ed vidieckeho cestovn\u00e9ho ruchu na \u00fazem\u00ed MAS a\u00a0propag\u00e1ciu ich slu\u017eieb.<\/li>\n<li>Propaga\u010dn\u00e9 predmety<\/li>\n<\/ul>\n<p>&nbsp;<\/p>\n","protected":false},"excerpt":{"rendered":"<p>Propag\u00e1cia vidieckeho cestovn\u00e9ho ruchu na \u00fazem\u00ed MAS OZ RR Spi\u0161 Cie\u013eom projektu je propag\u00e1cia ubytovac\u00edch zariaden\u00ed na \u00fazem\u00ed MAS Ob\u010dianske zdru\u017eenie pre rozvoj regi\u00f3nu Spi\u0161 a\u00a0zv\u00fd\u0161i\u0165 tak n\u00e1v\u0161tevnos\u0165 tohto \u00fazemia. Hlavn\u00fdm cie\u013eom je vytvorenie syst\u00e9mu ude\u013eovania znaku zvality ubytovac\u00edch zariaden\u00ed na tomto \u00fazem\u00ed a\u00a0ich propag\u00e1cia prostredn\u00edctvom webovej str\u00e1nky. \u0160pecifick\u00e9 ciele projektu: Propag\u00e1cia \u00fazemia a zariaden\u00ed [&hellip;]<\/p>\n","protected":false},"author":2,"featured_media":0,"parent":0,"menu_order":0,"comment_status":"open","ping_status":"open","template":"","meta":[],"_links":{"self":[{"href":"https:\/\/zrovit.sk\/index.php?rest_route=\/wp\/v2\/pages\/177"}],"collection":[{"href":"https:\/\/zrovit.sk\/index.php?rest_route=\/wp\/v2\/pages"}],"about":[{"href":"https:\/\/zrovit.sk\/index.php?rest_route=\/wp\/v2\/types\/page"}],"author":[{"embeddable":true,"href":"https:\/\/zrovit.sk\/index.php?rest_route=\/wp\/v2\/users\/2"}],"replies":[{"embeddable":true,"href":"https:\/\/zrovit.sk\/index.php?rest_route=%2Fwp%2Fv2%2Fcomments&post=177"}],"version-history":[{"count":6,"href":"https:\/\/zrovit.sk\/index.php?rest_route=\/wp\/v2\/pages\/177\/revisions"}],"predecessor-version":[{"id":254,"href":"https:\/\/zrovit.sk\/index.php?rest_route=\/wp\/v2\/pages\/177\/revisions\/254"}],"wp:attachment":[{"href":"https:\/\/zrovit.sk\/index.php?rest_route=%2Fwp%2Fv2%2Fmedia&parent=177"}],"curies":[{"name":"wp","href":"https:\/\/api.w.org\/{rel}","templated":true}]}}