{"id":175,"date":"2015-01-28T16:35:11","date_gmt":"2015-01-28T16:35:11","guid":{"rendered":"https:\/\/zrovit.sk\/?page_id=175"},"modified":"2015-04-08T08:50:59","modified_gmt":"2015-04-08T08:50:59","slug":"marketing-vidieckeho-cestovneho-ruchu","status":"publish","type":"page","link":"https:\/\/zrovit.sk\/?page_id=175","title":{"rendered":"Marketing vidieckeho cestovn\u00e9ho ruchu&#8230;"},"content":{"rendered":"<h2 style=\"text-align: center;\"><em><strong>Marketing vidieckeho cestovn\u00e9ho ruchu na \u00fazem\u00ed MAS Partnerstva BACHURE\u0147<\/strong><\/em><\/h2>\n<p>Cie\u013eom projektu je zabezpe\u010di\u0165 propag\u00e1ciu \u00fazemia, slu\u017eieb cestovn\u00e9ho ruchu a\u00a0spr\u00edstupni\u0165 inform\u00e1cie turistom a\u00a0n\u00e1v\u0161tevn\u00edkom \u00fazemia MAS Partnerstva BACHURE\u0147. Hlavn\u00fdm cie\u013eom projektu je prostredn\u00edctvom marketingu slu\u017eieb cestovn\u00e9ho ruchu na \u00fazem\u00ed MAS Partnerstva BACHURE\u0147, zv\u00fd\u0161i\u0165 informovanos\u0165 \u0161irokej verejnosti o mo\u017enostiach turistick\u00e9ho vy\u017eitia, pobytu v zariadeniach vidieckeho cestovn\u00e9ho ruchu a\u00a0objektoch cestovn\u00e9ho ruchu na \u00fazem\u00ed MAS Partnerstva BACHURE\u0147. Realiz\u00e1ciou projektu bud\u00fa poskytnut\u00e9 komplexn\u00e9 inform\u00e1cie potenci\u00e1lnym n\u00e1v\u0161tevn\u00edkom \u00fazemia prostredn\u00edctvom internetu a\u00a0propaga\u010dn\u00fdch predmetov a\u00a0taktie\u017e turistom priamo v\u00a0ter\u00e9ne.<\/p>\n<p><strong><em>Aktivity v r\u00e1mci projektu:<\/em><\/strong><\/p>\n<ul>\n<li>Pr\u00edprava a\u00a0v\u00fdroba informa\u010dn\u00fdch tab\u00fa\u013e s\u00a0mapou \u00fazemia a\u00a0vyzna\u010den\u00fdmi turistick\u00fdmi trasami,<\/li>\n<li><img decoding=\"async\" class=\"ngg_displayed_gallery mceItem\" src=\"https:\/\/zrovit.sk\/index.php\/nextgen-attach_to_post\/preview\/id--249\" alt=\"\" \/><\/li>\n<li><a href=\"http:\/\/www.bachuren.sk\/mapa\/\">Tvorba interakt\u00edvnej mapy a\u00a0jej umiestnenie na webovom s\u00eddle MAS Partnerstva BACHURE\u0147,<\/a><\/li>\n<li>Tvorba informa\u010dnej bro\u017e\u00farky,<\/li>\n<li>Tvorba propaga\u010dn\u00fdch materi\u00e1lov.<\/li>\n<\/ul>\n","protected":false},"excerpt":{"rendered":"<p>Marketing vidieckeho cestovn\u00e9ho ruchu na \u00fazem\u00ed MAS Partnerstva BACHURE\u0147 Cie\u013eom projektu je zabezpe\u010di\u0165 propag\u00e1ciu \u00fazemia, slu\u017eieb cestovn\u00e9ho ruchu a\u00a0spr\u00edstupni\u0165 inform\u00e1cie turistom a\u00a0n\u00e1v\u0161tevn\u00edkom \u00fazemia MAS Partnerstva BACHURE\u0147. Hlavn\u00fdm cie\u013eom projektu je prostredn\u00edctvom marketingu slu\u017eieb cestovn\u00e9ho ruchu na \u00fazem\u00ed MAS Partnerstva BACHURE\u0147, zv\u00fd\u0161i\u0165 informovanos\u0165 \u0161irokej verejnosti o mo\u017enostiach turistick\u00e9ho vy\u017eitia, pobytu v zariadeniach vidieckeho cestovn\u00e9ho ruchu a\u00a0objektoch [&hellip;]<\/p>\n","protected":false},"author":2,"featured_media":0,"parent":0,"menu_order":0,"comment_status":"open","ping_status":"open","template":"","meta":[],"_links":{"self":[{"href":"https:\/\/zrovit.sk\/index.php?rest_route=\/wp\/v2\/pages\/175"}],"collection":[{"href":"https:\/\/zrovit.sk\/index.php?rest_route=\/wp\/v2\/pages"}],"about":[{"href":"https:\/\/zrovit.sk\/index.php?rest_route=\/wp\/v2\/types\/page"}],"author":[{"embeddable":true,"href":"https:\/\/zrovit.sk\/index.php?rest_route=\/wp\/v2\/users\/2"}],"replies":[{"embeddable":true,"href":"https:\/\/zrovit.sk\/index.php?rest_route=%2Fwp%2Fv2%2Fcomments&post=175"}],"version-history":[{"count":5,"href":"https:\/\/zrovit.sk\/index.php?rest_route=\/wp\/v2\/pages\/175\/revisions"}],"predecessor-version":[{"id":248,"href":"https:\/\/zrovit.sk\/index.php?rest_route=\/wp\/v2\/pages\/175\/revisions\/248"}],"wp:attachment":[{"href":"https:\/\/zrovit.sk\/index.php?rest_route=%2Fwp%2Fv2%2Fmedia&parent=175"}],"curies":[{"name":"wp","href":"https:\/\/api.w.org\/{rel}","templated":true}]}}