{"id":164,"date":"2015-01-28T11:52:05","date_gmt":"2015-01-28T11:52:05","guid":{"rendered":"https:\/\/zrovit.sk\/?page_id=164"},"modified":"2017-10-11T13:39:43","modified_gmt":"2017-10-11T13:39:43","slug":"o-nas","status":"publish","type":"page","link":"https:\/\/zrovit.sk\/","title":{"rendered":"O n\u00e1s"},"content":{"rendered":"<div class=\"art-postcontent clearfix\">\n<p><strong>ZDRU\u017dENIE PRE ROZVOJ VIDIECKEHO TURIZMU<\/strong><a href=\"https:\/\/zrovit.sk\/wp-content\/uploads\/2013\/10\/P8151152.jpg\"><img decoding=\"async\" loading=\"lazy\" class=\"size-medium wp-image-41 alignright\" src=\"https:\/\/zrovit.sk\/wp-content\/uploads\/2013\/10\/P8151152-300x205.jpg\" alt=\"OLYMPUS DIGITAL CAMERA\" width=\"312\" height=\"213\" srcset=\"https:\/\/zrovit.sk\/wp-content\/uploads\/2013\/10\/P8151152-300x205.jpg 300w, https:\/\/zrovit.sk\/wp-content\/uploads\/2013\/10\/P8151152-1024x700.jpg 1024w\" sizes=\"(max-width: 312px) 100vw, 312px\" \/><\/a><\/p>\n<p>ZDRU\u017dENIE PRE ROZVOJ VIDIECKEHO TURIZMU je z\u00e1ujmov\u00e9 zdru\u017eenie pr\u00e1vnick\u00fdch os\u00f4b, ktor\u00e9 vzniklo 09.07.2013 a\u00a0d\u0148a 07.08.2013 rozhodnut\u00edm nadobudlo pr\u00e1voplatnos\u0165. Jeho \u010dlenmi s\u00fa obce Ren\u010di\u0161ov a\u00a0\u017dakovce a\u00a0neziskov\u00e1 organiz\u00e1cia Zdru\u017eenie pre rozvoj regi\u00f3nu. Zakladatelia zdru\u017eenia, ako aj jeho mana\u017ement m\u00e1 bohat\u00e9 vedomosti a\u00a0sk\u00fasenosti v\u00a0oblasti rozvoja regi\u00f3nu a\u00a0cestovn\u00e9ho ruchu. Okrem in\u00fdch prior\u00edt sa zdru\u017eenie usiluje o aktivity smeruj\u00face k\u00a0rozvoju a\u00a0podpore cestovn\u00e9ho ruchu s\u00a0d\u00f4razom na vidiecky cestovn\u00fd ruch. Cie\u013eom je pon\u00faknu\u0165 \u010dlenstvo zariadeniam cestovn\u00e9ho ruchu v\u00a0zdru\u017een\u00ed tak, aby sa mohli plnohodnotne podie\u013ea\u0165 na aktivit\u00e1ch. Zdru\u017eenie existuje len kr\u00e1tko no aj napriek tomu m\u00e1 ve\u013ek\u00e9 amb\u00edcie rozv\u00edja\u0165 cestovn\u00fd ruch na slovenskom vidieku a\u00a0zhroma\u017e\u010fova\u0165 akt\u00e9rov tejto oblasti.<\/p>\n<\/div>\n","protected":false},"excerpt":{"rendered":"<p>ZDRU\u017dENIE PRE ROZVOJ VIDIECKEHO TURIZMU ZDRU\u017dENIE PRE ROZVOJ VIDIECKEHO TURIZMU je z\u00e1ujmov\u00e9 zdru\u017eenie pr\u00e1vnick\u00fdch os\u00f4b, ktor\u00e9 vzniklo 09.07.2013 a\u00a0d\u0148a 07.08.2013 rozhodnut\u00edm nadobudlo pr\u00e1voplatnos\u0165. Jeho \u010dlenmi s\u00fa obce Ren\u010di\u0161ov a\u00a0\u017dakovce a\u00a0neziskov\u00e1 organiz\u00e1cia Zdru\u017eenie pre rozvoj regi\u00f3nu. Zakladatelia zdru\u017eenia, ako aj jeho mana\u017ement m\u00e1 bohat\u00e9 vedomosti a\u00a0sk\u00fasenosti v\u00a0oblasti rozvoja regi\u00f3nu a\u00a0cestovn\u00e9ho ruchu. Okrem in\u00fdch prior\u00edt sa zdru\u017eenie [&hellip;]<\/p>\n","protected":false},"author":2,"featured_media":0,"parent":0,"menu_order":0,"comment_status":"closed","ping_status":"closed","template":"","meta":[],"_links":{"self":[{"href":"https:\/\/zrovit.sk\/index.php?rest_route=\/wp\/v2\/pages\/164"}],"collection":[{"href":"https:\/\/zrovit.sk\/index.php?rest_route=\/wp\/v2\/pages"}],"about":[{"href":"https:\/\/zrovit.sk\/index.php?rest_route=\/wp\/v2\/types\/page"}],"author":[{"embeddable":true,"href":"https:\/\/zrovit.sk\/index.php?rest_route=\/wp\/v2\/users\/2"}],"replies":[{"embeddable":true,"href":"https:\/\/zrovit.sk\/index.php?rest_route=%2Fwp%2Fv2%2Fcomments&post=164"}],"version-history":[{"count":1,"href":"https:\/\/zrovit.sk\/index.php?rest_route=\/wp\/v2\/pages\/164\/revisions"}],"predecessor-version":[{"id":165,"href":"https:\/\/zrovit.sk\/index.php?rest_route=\/wp\/v2\/pages\/164\/revisions\/165"}],"wp:attachment":[{"href":"https:\/\/zrovit.sk\/index.php?rest_route=%2Fwp%2Fv2%2Fmedia&parent=164"}],"curies":[{"name":"wp","href":"https:\/\/api.w.org\/{rel}","templated":true}]}}